{"id":5509,"date":"2024-03-20T21:42:01","date_gmt":"2024-03-21T01:42:01","guid":{"rendered":"https:\/\/mercybarcafe.com\/?post_type=product&#038;p=5509"},"modified":"2024-05-01T17:17:31","modified_gmt":"2024-05-01T21:17:31","slug":"cerveza-cristal-24-latas-de-355ml-alc-4-9-vol","status":"publish","type":"product","link":"https:\/\/mercybarcafe.com\/index.php\/product\/cerveza-cristal-24-latas-de-355ml-alc-4-9-vol\/","title":{"rendered":"Cerveza Cristal, 24 latas de 355ml, ALC 4.9% VOL"},"content":{"rendered":"<p>La Cristal evoca la pasi\u00f3n y emoci\u00f3n de la experiencia cubana: Desde su bella gente hasta sus frescas y transparentes aguas tropicales, las interminables playas de arenas blancas y las noches vibrantes. Cristal es Cuba.<\/p>\n<p>Elaborada en Holgu\u00edn por Cervecer\u00eda Bucanero S.A., la cerveza Cristal es parte de una larga y orgullosa tradici\u00f3n cubana que valora la calidad, la integridad, las personas y la innovaci\u00f3n. Con 4.9% alc\/vol, y son claro tono dorado que complementa su refrescante sabor.<\/p>\n","protected":false},"excerpt":{"rendered":"<p>La Cristal evoca la pasi\u00f3n y emoci\u00f3n de la experiencia cubana: Desde su bella gente hasta sus frescas y transparentes aguas tropicales, las interminables playas de arenas blancas y las noches vibrantes. Cristal es Cuba. Elaborada en Holgu\u00edn por Cervecer\u00eda Bucanero S.A., la cerveza Cristal es parte de una larga y orgullosa tradici\u00f3n cubana que &hellip; <a href=\"https:\/\/mercybarcafe.com\/index.php\/product\/cerveza-cristal-24-latas-de-355ml-alc-4-9-vol\/\" class=\"more-link\">Continue reading <span class=\"screen-reader-text\">Cerveza Cristal, 24 latas de 355ml, ALC 4.9% VOL<\/span><\/a><\/p>\n","protected":false},"featured_media":5510,"template":"","meta":{"om_disable_all_campaigns":false,"inline_featured_image":false,"_joinchat":[]},"product_cat":[99],"product_tag":[],"aioseo_notices":[],"jetpack_sharing_enabled":true,"_links":{"self":[{"href":"https:\/\/mercybarcafe.com\/index.php\/wp-json\/wp\/v2\/product\/5509"}],"collection":[{"href":"https:\/\/mercybarcafe.com\/index.php\/wp-json\/wp\/v2\/product"}],"about":[{"href":"https:\/\/mercybarcafe.com\/index.php\/wp-json\/wp\/v2\/types\/product"}],"version-history":[{"count":1,"href":"https:\/\/mercybarcafe.com\/index.php\/wp-json\/wp\/v2\/product\/5509\/revisions"}],"predecessor-version":[{"id":5511,"href":"https:\/\/mercybarcafe.com\/index.php\/wp-json\/wp\/v2\/product\/5509\/revisions\/5511"}],"wp:featuredmedia":[{"embeddable":true,"href":"https:\/\/mercybarcafe.com\/index.php\/wp-json\/wp\/v2\/media\/5510"}],"wp:attachment":[{"href":"https:\/\/mercybarcafe.com\/index.php\/wp-json\/wp\/v2\/media?parent=5509"}],"wp:term":[{"taxonomy":"product_cat","embeddable":true,"href":"https:\/\/mercybarcafe.com\/index.php\/wp-json\/wp\/v2\/product_cat?post=5509"},{"taxonomy":"product_tag","embeddable":true,"href":"https:\/\/mercybarcafe.com\/index.php\/wp-json\/wp\/v2\/product_tag?post=5509"}],"curies":[{"name":"wp","href":"https:\/\/api.w.org\/{rel}","templated":true}]}}